{"id":19,"date":"2011-01-16T21:45:09","date_gmt":"2011-01-16T21:45:09","guid":{"rendered":"http:\/\/www.pianotreff.com\/?page_id=19"},"modified":"2026-02-04T21:26:33","modified_gmt":"2026-02-04T20:26:33","slug":"testsida-2","status":"publish","type":"page","link":"https:\/\/www.pianotreff.com\/index.php\/testsida-2","title":{"rendered":"Om\/About NPTA"},"content":{"rendered":"<p>L\u00e4s ocks\u00e5: Historik och m\u00e5ls\u00e4ttning f\u00f6r NPTA och Nordisk Pianotreff<\/p>\n<p>NPTA \u00e4r ett samarbetsorgan f\u00f6r de nordiska pianost\u00e4mmare och -teknikerf\u00f6reningarna.<\/p>\n<p>NPTA bildades 1996 som en f\u00f6ljd av de kontakter som skapades n\u00e4r de nordiska pianotekniker-f\u00f6reningarna deltog i en arbetsprocess initierad av Nordiska hanverksr\u00e5det (numera R\u00e5det f\u00f6r sm\u00e5 och mellanstora verksamheter i Norden) d\u00e4r man utv\u00e4rderat situationen f\u00f6r sm\u00e5 yrkesfack i Norden.<\/p>\n<p>De positiva f\u00f6rdelarna av att f\u00f6ra upp gemensamma fr\u00e5gor p\u00e5 ett nordiskt plan ledde p\u00e5 ett naturligt s\u00e4tt till bildandet av NPTA.<\/p>\n<p>NPTA har utarbetat gemensamma riktlinjer f\u00f6r pianoteknikerutbildningen, och arbetar med att utv\u00e4rdera och f\u00f6rb\u00e4ttra utbildningssituationen \u00f6verlag. Organisationen deltar ocks\u00e5 i ett liknande arbete p\u00e5 europeisk niv\u00e5. (F\u00f6rslag till 4-\u00e5rig utbildning f\u00f6r pianost\u00e4mmare och -tekniker).<\/p>\n<p>Den mest p\u00e5tagliga effekten av det nordiska samarbetet \u00e4r den organiserandet av den \u00e5rliga Nordisk Pianotreff, d\u00e4r pianotekniker fr\u00e5n hela Norden samlas kring seminarier, diskussioner och social samvaro.<\/p>\n<p>Pianotreffen startade 1996 och varje \u00e5r turas de nordiska l\u00e4ndernas pianoteknikerf\u00f6reningar om att vara v\u00e4rd f\u00f6r arrangemanget.<\/p>\n<p>Kan jag bli medlem?<\/p>\n<p>Nej. NPTA \u00e4r endast ett samarbetsorgan f\u00f6r de nordiska f\u00f6reningarna, ungef\u00e4r som Nordiska r\u00e5det, och har inga individuella medlemmar. Varje f\u00f6rening utser representanter till NPTA, och dessa f\u00f6r varje land och dess medlemmars talan i NPTA.<\/p>\n<p><a href=\"http:\/\/www.sptf.com\/\" target=\"_blank\" rel=\"noopener\">[SPTF &#8211; Sveriges Pianost\u00e4mmare &amp; teknikerf\u00f6rening]<\/a><br \/>\n[<a href=\"https:\/\/nptf.no\/\">NPTF &#8211; Norges pianostemmer og -teknikerforening<\/a>]<br \/>\n[<a href=\"https:\/\/pianonvirittajat.fi\/\">Suomen Pianonviritt\u00e4j\u00e4t ry<\/a>]<br \/>\n[<a href=\"https:\/\/dpif.org\/\">DPIF &#8211; Dansk Pianostemmer &amp; Instrumentmager Forening<\/a>]<\/p>\n","protected":false},"excerpt":{"rendered":"<p>L\u00e4s ocks\u00e5: Historik och m\u00e5ls\u00e4ttning f\u00f6r NPTA och Nordisk Pianotreff NPTA \u00e4r ett samarbetsorgan f\u00f6r de nordiska pianost\u00e4mmare och -teknikerf\u00f6reningarna. NPTA bildades 1996 som en f\u00f6ljd av de kontakter som skapades n\u00e4r de nordiska pianotekniker-f\u00f6reningarna deltog i en arbetsprocess initierad av Nordiska hanverksr\u00e5det (numera R\u00e5det f\u00f6r sm\u00e5 och mellanstora verksamheter i Norden) d\u00e4r man utv\u00e4rderat [&hellip;]<\/p>\n","protected":false},"author":1,"featured_media":0,"parent":0,"menu_order":0,"comment_status":"closed","ping_status":"open","template":"onecolumn-page.php","meta":{"footnotes":""},"class_list":["post-19","page","type-page","status-publish","hentry"],"_links":{"self":[{"href":"https:\/\/www.pianotreff.com\/index.php\/wp-json\/wp\/v2\/pages\/19","targetHints":{"allow":["GET"]}}],"collection":[{"href":"https:\/\/www.pianotreff.com\/index.php\/wp-json\/wp\/v2\/pages"}],"about":[{"href":"https:\/\/www.pianotreff.com\/index.php\/wp-json\/wp\/v2\/types\/page"}],"author":[{"embeddable":true,"href":"https:\/\/www.pianotreff.com\/index.php\/wp-json\/wp\/v2\/users\/1"}],"replies":[{"embeddable":true,"href":"https:\/\/www.pianotreff.com\/index.php\/wp-json\/wp\/v2\/comments?post=19"}],"version-history":[{"count":9,"href":"https:\/\/www.pianotreff.com\/index.php\/wp-json\/wp\/v2\/pages\/19\/revisions"}],"predecessor-version":[{"id":854,"href":"https:\/\/www.pianotreff.com\/index.php\/wp-json\/wp\/v2\/pages\/19\/revisions\/854"}],"wp:attachment":[{"href":"https:\/\/www.pianotreff.com\/index.php\/wp-json\/wp\/v2\/media?parent=19"}],"curies":[{"name":"wp","href":"https:\/\/api.w.org\/{rel}","templated":true}]}}